{"id":1672,"date":"2024-02-26T09:44:07","date_gmt":"2024-02-26T07:44:07","guid":{"rendered":"https:\/\/bazoocam.app\/?page_id=1672"},"modified":"2024-02-26T09:44:07","modified_gmt":"2024-02-26T07:44:07","slug":"chat-alternative","status":"publish","type":"page","link":"https:\/\/bazoocam.app\/es_es\/chat-alternativo\/","title":{"rendered":"Alternativa de chat"},"content":{"rendered":"","protected":false},"excerpt":{"rendered":"","protected":false},"author":2,"featured_media":0,"parent":0,"menu_order":0,"comment_status":"closed","ping_status":"closed","template":"","meta":{"footnotes":""},"class_list":["post-1672","page","type-page","status-publish","hentry"],"yoast_head":"<!-- This site is optimized with the Yoast SEO plugin v27.3 - https:\/\/yoast.com\/product\/yoast-seo-wordpress\/ -->\n<title>Chat Alternative - Official Random Video Chat \ud83e\udd33 - Bazoocam App<\/title>\n<meta name=\"description\" content=\"Chat Alternative is an Anonymous random video chat with over 5.000.000 strangers. No Sign-Up Required! Online camera chat on Chat Alternative app.\" \/>\n<meta name=\"robots\" content=\"index, follow, max-snippet:-1, max-image-preview:large, max-video-preview:-1\" \/>\n<link rel=\"canonical\" href=\"https:\/\/bazoocam.app\/es_es\/chat-alternative\/\" \/>\n<meta property=\"og:locale\" content=\"es_ES\" \/>\n<meta property=\"og:type\" content=\"article\" \/>\n<meta property=\"og:title\" content=\"Chat Alternative - Official Random Video Chat \ud83e\udd33 - Bazoocam App\" \/>\n<meta property=\"og:description\" content=\"Chat Alternative is an Anonymous random video chat with over 5.000.000 strangers. No Sign-Up Required! Online camera chat on Chat Alternative app.\" \/>\n<meta property=\"og:url\" content=\"https:\/\/bazoocam.app\/es_es\/chat-alternative\/\" \/>\n<meta property=\"og:site_name\" content=\"Bazoocam\" \/>\n<meta name=\"twitter:card\" content=\"summary_large_image\" \/>\n<script type=\"application\/ld+json\" class=\"yoast-schema-graph\">{\"@context\":\"https:\\\/\\\/schema.org\",\"@graph\":[{\"@type\":\"WebPage\",\"@id\":\"https:\\\/\\\/bazoocam.app\\\/chat-alternative\\\/\",\"url\":\"https:\\\/\\\/bazoocam.app\\\/chat-alternative\\\/\",\"name\":\"Chat Alternative - Official Random Video Chat \ud83e\udd33 - Bazoocam App\",\"isPartOf\":{\"@id\":\"https:\\\/\\\/bazoocam.app\\\/#website\"},\"datePublished\":\"2024-02-26T07:44:07+00:00\",\"description\":\"Chat Alternative is an Anonymous random video chat with over 5.000.000 strangers. No Sign-Up Required! Online camera chat on Chat Alternative app.\",\"breadcrumb\":{\"@id\":\"https:\\\/\\\/bazoocam.app\\\/chat-alternative\\\/#breadcrumb\"},\"inLanguage\":\"es\",\"potentialAction\":[{\"@type\":\"ReadAction\",\"target\":[\"https:\\\/\\\/bazoocam.app\\\/chat-alternative\\\/\"]}]},{\"@type\":\"BreadcrumbList\",\"@id\":\"https:\\\/\\\/bazoocam.app\\\/chat-alternative\\\/#breadcrumb\",\"itemListElement\":[{\"@type\":\"ListItem\",\"position\":1,\"name\":\"Home\",\"item\":\"https:\\\/\\\/bazoocam.app\\\/\"},{\"@type\":\"ListItem\",\"position\":2,\"name\":\"Chat Alternative\"}]},{\"@type\":\"WebSite\",\"@id\":\"https:\\\/\\\/bazoocam.app\\\/#website\",\"url\":\"https:\\\/\\\/bazoocam.app\\\/\",\"name\":\"Bazoocam\",\"description\":\"Random Video Chat Bazoocam Alternative\",\"publisher\":{\"@id\":\"https:\\\/\\\/bazoocam.app\\\/#organization\"},\"potentialAction\":[{\"@type\":\"SearchAction\",\"target\":{\"@type\":\"EntryPoint\",\"urlTemplate\":\"https:\\\/\\\/bazoocam.app\\\/?s={search_term_string}\"},\"query-input\":{\"@type\":\"PropertyValueSpecification\",\"valueRequired\":true,\"valueName\":\"search_term_string\"}}],\"inLanguage\":\"es\"},{\"@type\":\"Organization\",\"@id\":\"https:\\\/\\\/bazoocam.app\\\/#organization\",\"name\":\"Bazoocam\",\"url\":\"https:\\\/\\\/bazoocam.app\\\/\",\"logo\":{\"@type\":\"ImageObject\",\"inLanguage\":\"es\",\"@id\":\"https:\\\/\\\/bazoocam.app\\\/#\\\/schema\\\/logo\\\/image\\\/\",\"url\":\"https:\\\/\\\/bazoocam.app\\\/wp-content\\\/uploads\\\/2021\\\/01\\\/bazoocam2.png\",\"contentUrl\":\"https:\\\/\\\/bazoocam.app\\\/wp-content\\\/uploads\\\/2021\\\/01\\\/bazoocam2.png\",\"width\":649,\"height\":64,\"caption\":\"Bazoocam\"},\"image\":{\"@id\":\"https:\\\/\\\/bazoocam.app\\\/#\\\/schema\\\/logo\\\/image\\\/\"}}]}<\/script>\n<!-- \/ Yoast SEO plugin. -->","yoast_head_json":{"title":"Chat alternativo - Chat de v\u00eddeo aleatorio oficial \ud83e\udd33 - Bazoocam App","description":"Chat Alternative es un videochat an\u00f3nimo aleatorio con m\u00e1s de 5.000.000 de desconocidos. No es necesario registrarse. Chat con c\u00e1mara en l\u00ednea en la aplicaci\u00f3n Chat Alternative.","robots":{"index":"index","follow":"follow","max-snippet":"max-snippet:-1","max-image-preview":"max-image-preview:large","max-video-preview":"max-video-preview:-1"},"canonical":"https:\/\/bazoocam.app\/es_es\/chat-alternative\/","og_locale":"es_ES","og_type":"article","og_title":"Chat Alternative - Official Random Video Chat \ud83e\udd33 - Bazoocam App","og_description":"Chat Alternative is an Anonymous random video chat with over 5.000.000 strangers. No Sign-Up Required! Online camera chat on Chat Alternative app.","og_url":"https:\/\/bazoocam.app\/es_es\/chat-alternative\/","og_site_name":"Bazoocam","twitter_card":"summary_large_image","schema":{"@context":"https:\/\/schema.org","@graph":[{"@type":"WebPage","@id":"https:\/\/bazoocam.app\/chat-alternative\/","url":"https:\/\/bazoocam.app\/chat-alternative\/","name":"Chat alternativo - Chat de v\u00eddeo aleatorio oficial \ud83e\udd33 - Bazoocam App","isPartOf":{"@id":"https:\/\/bazoocam.app\/#website"},"datePublished":"2024-02-26T07:44:07+00:00","description":"Chat Alternative es un videochat an\u00f3nimo aleatorio con m\u00e1s de 5.000.000 de desconocidos. No es necesario registrarse. Chat con c\u00e1mara en l\u00ednea en la aplicaci\u00f3n Chat Alternative.","breadcrumb":{"@id":"https:\/\/bazoocam.app\/chat-alternative\/#breadcrumb"},"inLanguage":"es","potentialAction":[{"@type":"ReadAction","target":["https:\/\/bazoocam.app\/chat-alternative\/"]}]},{"@type":"BreadcrumbList","@id":"https:\/\/bazoocam.app\/chat-alternative\/#breadcrumb","itemListElement":[{"@type":"ListItem","position":1,"name":"Home","item":"https:\/\/bazoocam.app\/"},{"@type":"ListItem","position":2,"name":"Chat Alternative"}]},{"@type":"WebSite","@id":"https:\/\/bazoocam.app\/#website","url":"https:\/\/bazoocam.app\/","name":"Bazoocam","description":"Video Chat Aleatorio Bazoocam Alternativa","publisher":{"@id":"https:\/\/bazoocam.app\/#organization"},"potentialAction":[{"@type":"SearchAction","target":{"@type":"EntryPoint","urlTemplate":"https:\/\/bazoocam.app\/?s={search_term_string}"},"query-input":{"@type":"PropertyValueSpecification","valueRequired":true,"valueName":"search_term_string"}}],"inLanguage":"es"},{"@type":"Organization","@id":"https:\/\/bazoocam.app\/#organization","name":"Bazoocam","url":"https:\/\/bazoocam.app\/","logo":{"@type":"ImageObject","inLanguage":"es","@id":"https:\/\/bazoocam.app\/#\/schema\/logo\/image\/","url":"https:\/\/bazoocam.app\/wp-content\/uploads\/2021\/01\/bazoocam2.png","contentUrl":"https:\/\/bazoocam.app\/wp-content\/uploads\/2021\/01\/bazoocam2.png","width":649,"height":64,"caption":"Bazoocam"},"image":{"@id":"https:\/\/bazoocam.app\/#\/schema\/logo\/image\/"}}]}},"_links":{"self":[{"href":"https:\/\/bazoocam.app\/es_es\/wp-json\/wp\/v2\/pages\/1672","targetHints":{"allow":["GET"]}}],"collection":[{"href":"https:\/\/bazoocam.app\/es_es\/wp-json\/wp\/v2\/pages"}],"about":[{"href":"https:\/\/bazoocam.app\/es_es\/wp-json\/wp\/v2\/types\/page"}],"author":[{"embeddable":true,"href":"https:\/\/bazoocam.app\/es_es\/wp-json\/wp\/v2\/users\/2"}],"replies":[{"embeddable":true,"href":"https:\/\/bazoocam.app\/es_es\/wp-json\/wp\/v2\/comments?post=1672"}],"version-history":[{"count":1,"href":"https:\/\/bazoocam.app\/es_es\/wp-json\/wp\/v2\/pages\/1672\/revisions"}],"predecessor-version":[{"id":1673,"href":"https:\/\/bazoocam.app\/es_es\/wp-json\/wp\/v2\/pages\/1672\/revisions\/1673"}],"wp:attachment":[{"href":"https:\/\/bazoocam.app\/es_es\/wp-json\/wp\/v2\/media?parent=1672"}],"curies":[{"name":"wp","href":"https:\/\/api.w.org\/{rel}","templated":true}]}}