{"id":1744,"date":"2024-02-26T09:44:08","date_gmt":"2024-02-26T07:44:08","guid":{"rendered":"https:\/\/bazoocam.app\/?page_id=1744"},"modified":"2024-02-26T09:44:08","modified_gmt":"2024-02-26T07:44:08","slug":"talk-with-stranger","status":"publish","type":"page","link":"https:\/\/bazoocam.app\/es_es\/hablar-con-un-extrano\/","title":{"rendered":"Hablar con un desconocido"},"content":{"rendered":"","protected":false},"excerpt":{"rendered":"","protected":false},"author":2,"featured_media":0,"parent":0,"menu_order":0,"comment_status":"closed","ping_status":"closed","template":"","meta":{"footnotes":""},"class_list":["post-1744","page","type-page","status-publish","hentry"],"yoast_head":"<!-- This site is optimized with the Yoast SEO plugin v27.3 - https:\/\/yoast.com\/product\/yoast-seo-wordpress\/ -->\n<title>Talk With Stranger - Official Random Video Chat \ud83e\udd33 - Bazoocam App<\/title>\n<meta name=\"description\" content=\"Talk With Stranger is an Anonymous random video chat with over 5.000.000 strangers. No Sign-Up Required! Online camera chat on Talk With Stranger app.\" \/>\n<meta name=\"robots\" content=\"index, follow, max-snippet:-1, max-image-preview:large, max-video-preview:-1\" \/>\n<link rel=\"canonical\" href=\"https:\/\/bazoocam.app\/es_es\/talk-with-stranger\/\" \/>\n<meta property=\"og:locale\" content=\"es_ES\" \/>\n<meta property=\"og:type\" content=\"article\" \/>\n<meta property=\"og:title\" content=\"Talk With Stranger - Official Random Video Chat \ud83e\udd33 - Bazoocam App\" \/>\n<meta property=\"og:description\" content=\"Talk With Stranger is an Anonymous random video chat with over 5.000.000 strangers. No Sign-Up Required! Online camera chat on Talk With Stranger app.\" \/>\n<meta property=\"og:url\" content=\"https:\/\/bazoocam.app\/es_es\/talk-with-stranger\/\" \/>\n<meta property=\"og:site_name\" content=\"Bazoocam\" \/>\n<meta name=\"twitter:card\" content=\"summary_large_image\" \/>\n<script type=\"application\/ld+json\" class=\"yoast-schema-graph\">{\"@context\":\"https:\\\/\\\/schema.org\",\"@graph\":[{\"@type\":\"WebPage\",\"@id\":\"https:\\\/\\\/bazoocam.app\\\/talk-with-stranger\\\/\",\"url\":\"https:\\\/\\\/bazoocam.app\\\/talk-with-stranger\\\/\",\"name\":\"Talk With Stranger - Official Random Video Chat \ud83e\udd33 - Bazoocam App\",\"isPartOf\":{\"@id\":\"https:\\\/\\\/bazoocam.app\\\/#website\"},\"datePublished\":\"2024-02-26T07:44:08+00:00\",\"description\":\"Talk With Stranger is an Anonymous random video chat with over 5.000.000 strangers. No Sign-Up Required! Online camera chat on Talk With Stranger app.\",\"breadcrumb\":{\"@id\":\"https:\\\/\\\/bazoocam.app\\\/talk-with-stranger\\\/#breadcrumb\"},\"inLanguage\":\"es\",\"potentialAction\":[{\"@type\":\"ReadAction\",\"target\":[\"https:\\\/\\\/bazoocam.app\\\/talk-with-stranger\\\/\"]}]},{\"@type\":\"BreadcrumbList\",\"@id\":\"https:\\\/\\\/bazoocam.app\\\/talk-with-stranger\\\/#breadcrumb\",\"itemListElement\":[{\"@type\":\"ListItem\",\"position\":1,\"name\":\"Home\",\"item\":\"https:\\\/\\\/bazoocam.app\\\/\"},{\"@type\":\"ListItem\",\"position\":2,\"name\":\"Talk With Stranger\"}]},{\"@type\":\"WebSite\",\"@id\":\"https:\\\/\\\/bazoocam.app\\\/#website\",\"url\":\"https:\\\/\\\/bazoocam.app\\\/\",\"name\":\"Bazoocam\",\"description\":\"Random Video Chat Bazoocam Alternative\",\"publisher\":{\"@id\":\"https:\\\/\\\/bazoocam.app\\\/#organization\"},\"potentialAction\":[{\"@type\":\"SearchAction\",\"target\":{\"@type\":\"EntryPoint\",\"urlTemplate\":\"https:\\\/\\\/bazoocam.app\\\/?s={search_term_string}\"},\"query-input\":{\"@type\":\"PropertyValueSpecification\",\"valueRequired\":true,\"valueName\":\"search_term_string\"}}],\"inLanguage\":\"es\"},{\"@type\":\"Organization\",\"@id\":\"https:\\\/\\\/bazoocam.app\\\/#organization\",\"name\":\"Bazoocam\",\"url\":\"https:\\\/\\\/bazoocam.app\\\/\",\"logo\":{\"@type\":\"ImageObject\",\"inLanguage\":\"es\",\"@id\":\"https:\\\/\\\/bazoocam.app\\\/#\\\/schema\\\/logo\\\/image\\\/\",\"url\":\"https:\\\/\\\/bazoocam.app\\\/wp-content\\\/uploads\\\/2021\\\/01\\\/bazoocam2.png\",\"contentUrl\":\"https:\\\/\\\/bazoocam.app\\\/wp-content\\\/uploads\\\/2021\\\/01\\\/bazoocam2.png\",\"width\":649,\"height\":64,\"caption\":\"Bazoocam\"},\"image\":{\"@id\":\"https:\\\/\\\/bazoocam.app\\\/#\\\/schema\\\/logo\\\/image\\\/\"}}]}<\/script>\n<!-- \/ Yoast SEO plugin. -->","yoast_head_json":{"title":"Talk With Stranger - Official Random Video Chat \ud83e\udd33 - Bazoocam App","description":"Talk With Stranger es un videochat an\u00f3nimo aleatorio con m\u00e1s de 5.000.000 de desconocidos. No es necesario registrarse. Chat con c\u00e1mara en l\u00ednea en la aplicaci\u00f3n Talk With Stranger.","robots":{"index":"index","follow":"follow","max-snippet":"max-snippet:-1","max-image-preview":"max-image-preview:large","max-video-preview":"max-video-preview:-1"},"canonical":"https:\/\/bazoocam.app\/es_es\/talk-with-stranger\/","og_locale":"es_ES","og_type":"article","og_title":"Talk With Stranger - Official Random Video Chat \ud83e\udd33 - Bazoocam App","og_description":"Talk With Stranger is an Anonymous random video chat with over 5.000.000 strangers. No Sign-Up Required! Online camera chat on Talk With Stranger app.","og_url":"https:\/\/bazoocam.app\/es_es\/talk-with-stranger\/","og_site_name":"Bazoocam","twitter_card":"summary_large_image","schema":{"@context":"https:\/\/schema.org","@graph":[{"@type":"WebPage","@id":"https:\/\/bazoocam.app\/talk-with-stranger\/","url":"https:\/\/bazoocam.app\/talk-with-stranger\/","name":"Talk With Stranger - Official Random Video Chat \ud83e\udd33 - Bazoocam App","isPartOf":{"@id":"https:\/\/bazoocam.app\/#website"},"datePublished":"2024-02-26T07:44:08+00:00","description":"Talk With Stranger es un videochat an\u00f3nimo aleatorio con m\u00e1s de 5.000.000 de desconocidos. No es necesario registrarse. Chat con c\u00e1mara en l\u00ednea en la aplicaci\u00f3n Talk With Stranger.","breadcrumb":{"@id":"https:\/\/bazoocam.app\/talk-with-stranger\/#breadcrumb"},"inLanguage":"es","potentialAction":[{"@type":"ReadAction","target":["https:\/\/bazoocam.app\/talk-with-stranger\/"]}]},{"@type":"BreadcrumbList","@id":"https:\/\/bazoocam.app\/talk-with-stranger\/#breadcrumb","itemListElement":[{"@type":"ListItem","position":1,"name":"Home","item":"https:\/\/bazoocam.app\/"},{"@type":"ListItem","position":2,"name":"Talk With Stranger"}]},{"@type":"WebSite","@id":"https:\/\/bazoocam.app\/#website","url":"https:\/\/bazoocam.app\/","name":"Bazoocam","description":"Video Chat Aleatorio Bazoocam Alternativa","publisher":{"@id":"https:\/\/bazoocam.app\/#organization"},"potentialAction":[{"@type":"SearchAction","target":{"@type":"EntryPoint","urlTemplate":"https:\/\/bazoocam.app\/?s={search_term_string}"},"query-input":{"@type":"PropertyValueSpecification","valueRequired":true,"valueName":"search_term_string"}}],"inLanguage":"es"},{"@type":"Organization","@id":"https:\/\/bazoocam.app\/#organization","name":"Bazoocam","url":"https:\/\/bazoocam.app\/","logo":{"@type":"ImageObject","inLanguage":"es","@id":"https:\/\/bazoocam.app\/#\/schema\/logo\/image\/","url":"https:\/\/bazoocam.app\/wp-content\/uploads\/2021\/01\/bazoocam2.png","contentUrl":"https:\/\/bazoocam.app\/wp-content\/uploads\/2021\/01\/bazoocam2.png","width":649,"height":64,"caption":"Bazoocam"},"image":{"@id":"https:\/\/bazoocam.app\/#\/schema\/logo\/image\/"}}]}},"_links":{"self":[{"href":"https:\/\/bazoocam.app\/es_es\/wp-json\/wp\/v2\/pages\/1744","targetHints":{"allow":["GET"]}}],"collection":[{"href":"https:\/\/bazoocam.app\/es_es\/wp-json\/wp\/v2\/pages"}],"about":[{"href":"https:\/\/bazoocam.app\/es_es\/wp-json\/wp\/v2\/types\/page"}],"author":[{"embeddable":true,"href":"https:\/\/bazoocam.app\/es_es\/wp-json\/wp\/v2\/users\/2"}],"replies":[{"embeddable":true,"href":"https:\/\/bazoocam.app\/es_es\/wp-json\/wp\/v2\/comments?post=1744"}],"version-history":[{"count":1,"href":"https:\/\/bazoocam.app\/es_es\/wp-json\/wp\/v2\/pages\/1744\/revisions"}],"predecessor-version":[{"id":1745,"href":"https:\/\/bazoocam.app\/es_es\/wp-json\/wp\/v2\/pages\/1744\/revisions\/1745"}],"wp:attachment":[{"href":"https:\/\/bazoocam.app\/es_es\/wp-json\/wp\/v2\/media?parent=1744"}],"curies":[{"name":"wp","href":"https:\/\/api.w.org\/{rel}","templated":true}]}}