{"id":1722,"date":"2024-02-26T09:44:08","date_gmt":"2024-02-26T07:44:08","guid":{"rendered":"https:\/\/bazoocam.app\/?page_id=1722"},"modified":"2024-02-26T09:44:08","modified_gmt":"2024-02-26T07:44:08","slug":"monkey-cool","status":"publish","type":"page","link":"https:\/\/bazoocam.app\/pt\/monkey-cool\/","title":{"rendered":"Macaco Legal"},"content":{"rendered":"","protected":false},"excerpt":{"rendered":"","protected":false},"author":2,"featured_media":0,"parent":0,"menu_order":0,"comment_status":"closed","ping_status":"closed","template":"","meta":{"footnotes":""},"class_list":["post-1722","page","type-page","status-publish","hentry"],"yoast_head":"<!-- This site is optimized with the Yoast SEO plugin v27.3 - https:\/\/yoast.com\/product\/yoast-seo-wordpress\/ -->\n<title>Monkey Cool - Official Random Video Chat \ud83e\udd33 - Bazoocam App<\/title>\n<meta name=\"description\" content=\"Monkey Cool is an Anonymous random video chat with over 5.000.000 strangers. No Sign-Up Required! Online camera chat on Monkey Cool app.\" \/>\n<meta name=\"robots\" content=\"index, follow, max-snippet:-1, max-image-preview:large, max-video-preview:-1\" \/>\n<link rel=\"canonical\" href=\"https:\/\/bazoocam.app\/pt\/monkey-cool\/\" \/>\n<meta property=\"og:locale\" content=\"pt_BR\" \/>\n<meta property=\"og:type\" content=\"article\" \/>\n<meta property=\"og:title\" content=\"Monkey Cool - Official Random Video Chat \ud83e\udd33 - Bazoocam App\" \/>\n<meta property=\"og:description\" content=\"Monkey Cool is an Anonymous random video chat with over 5.000.000 strangers. No Sign-Up Required! Online camera chat on Monkey Cool app.\" \/>\n<meta property=\"og:url\" content=\"https:\/\/bazoocam.app\/pt\/monkey-cool\/\" \/>\n<meta property=\"og:site_name\" content=\"Bazoocam\" \/>\n<meta name=\"twitter:card\" content=\"summary_large_image\" \/>\n<script type=\"application\/ld+json\" class=\"yoast-schema-graph\">{\"@context\":\"https:\\\/\\\/schema.org\",\"@graph\":[{\"@type\":\"WebPage\",\"@id\":\"https:\\\/\\\/bazoocam.app\\\/monkey-cool\\\/\",\"url\":\"https:\\\/\\\/bazoocam.app\\\/monkey-cool\\\/\",\"name\":\"Monkey Cool - Official Random Video Chat \ud83e\udd33 - Bazoocam App\",\"isPartOf\":{\"@id\":\"https:\\\/\\\/bazoocam.app\\\/#website\"},\"datePublished\":\"2024-02-26T07:44:08+00:00\",\"description\":\"Monkey Cool is an Anonymous random video chat with over 5.000.000 strangers. No Sign-Up Required! Online camera chat on Monkey Cool app.\",\"breadcrumb\":{\"@id\":\"https:\\\/\\\/bazoocam.app\\\/monkey-cool\\\/#breadcrumb\"},\"inLanguage\":\"pt-BR\",\"potentialAction\":[{\"@type\":\"ReadAction\",\"target\":[\"https:\\\/\\\/bazoocam.app\\\/monkey-cool\\\/\"]}]},{\"@type\":\"BreadcrumbList\",\"@id\":\"https:\\\/\\\/bazoocam.app\\\/monkey-cool\\\/#breadcrumb\",\"itemListElement\":[{\"@type\":\"ListItem\",\"position\":1,\"name\":\"Home\",\"item\":\"https:\\\/\\\/bazoocam.app\\\/\"},{\"@type\":\"ListItem\",\"position\":2,\"name\":\"Monkey Cool\"}]},{\"@type\":\"WebSite\",\"@id\":\"https:\\\/\\\/bazoocam.app\\\/#website\",\"url\":\"https:\\\/\\\/bazoocam.app\\\/\",\"name\":\"Bazoocam\",\"description\":\"Random Video Chat Bazoocam Alternative\",\"publisher\":{\"@id\":\"https:\\\/\\\/bazoocam.app\\\/#organization\"},\"potentialAction\":[{\"@type\":\"SearchAction\",\"target\":{\"@type\":\"EntryPoint\",\"urlTemplate\":\"https:\\\/\\\/bazoocam.app\\\/?s={search_term_string}\"},\"query-input\":{\"@type\":\"PropertyValueSpecification\",\"valueRequired\":true,\"valueName\":\"search_term_string\"}}],\"inLanguage\":\"pt-BR\"},{\"@type\":\"Organization\",\"@id\":\"https:\\\/\\\/bazoocam.app\\\/#organization\",\"name\":\"Bazoocam\",\"url\":\"https:\\\/\\\/bazoocam.app\\\/\",\"logo\":{\"@type\":\"ImageObject\",\"inLanguage\":\"pt-BR\",\"@id\":\"https:\\\/\\\/bazoocam.app\\\/#\\\/schema\\\/logo\\\/image\\\/\",\"url\":\"https:\\\/\\\/bazoocam.app\\\/wp-content\\\/uploads\\\/2021\\\/01\\\/bazoocam2.png\",\"contentUrl\":\"https:\\\/\\\/bazoocam.app\\\/wp-content\\\/uploads\\\/2021\\\/01\\\/bazoocam2.png\",\"width\":649,\"height\":64,\"caption\":\"Bazoocam\"},\"image\":{\"@id\":\"https:\\\/\\\/bazoocam.app\\\/#\\\/schema\\\/logo\\\/image\\\/\"}}]}<\/script>\n<!-- \/ Yoast SEO plugin. -->","yoast_head_json":{"title":"Monkey Cool - Chat de v\u00eddeo aleat\u00f3rio oficial \ud83e\udd33 - Aplicativo Bazoocam","description":"Monkey Cool \u00e9 um bate-papo por v\u00eddeo aleat\u00f3rio an\u00f4nimo com mais de 5.000.000 de desconhecidos. N\u00e3o \u00e9 necess\u00e1rio se registrar! Bate-papo com c\u00e2mera on-line no aplicativo Monkey Cool.","robots":{"index":"index","follow":"follow","max-snippet":"max-snippet:-1","max-image-preview":"max-image-preview:large","max-video-preview":"max-video-preview:-1"},"canonical":"https:\/\/bazoocam.app\/pt\/monkey-cool\/","og_locale":"pt_BR","og_type":"article","og_title":"Monkey Cool - Official Random Video Chat \ud83e\udd33 - Bazoocam App","og_description":"Monkey Cool is an Anonymous random video chat with over 5.000.000 strangers. No Sign-Up Required! Online camera chat on Monkey Cool app.","og_url":"https:\/\/bazoocam.app\/pt\/monkey-cool\/","og_site_name":"Bazoocam","twitter_card":"summary_large_image","schema":{"@context":"https:\/\/schema.org","@graph":[{"@type":"WebPage","@id":"https:\/\/bazoocam.app\/monkey-cool\/","url":"https:\/\/bazoocam.app\/monkey-cool\/","name":"Monkey Cool - Chat de v\u00eddeo aleat\u00f3rio oficial \ud83e\udd33 - Aplicativo Bazoocam","isPartOf":{"@id":"https:\/\/bazoocam.app\/#website"},"datePublished":"2024-02-26T07:44:08+00:00","description":"Monkey Cool \u00e9 um bate-papo por v\u00eddeo aleat\u00f3rio an\u00f4nimo com mais de 5.000.000 de desconhecidos. N\u00e3o \u00e9 necess\u00e1rio se registrar! Bate-papo com c\u00e2mera on-line no aplicativo Monkey Cool.","breadcrumb":{"@id":"https:\/\/bazoocam.app\/monkey-cool\/#breadcrumb"},"inLanguage":"pt-BR","potentialAction":[{"@type":"ReadAction","target":["https:\/\/bazoocam.app\/monkey-cool\/"]}]},{"@type":"BreadcrumbList","@id":"https:\/\/bazoocam.app\/monkey-cool\/#breadcrumb","itemListElement":[{"@type":"ListItem","position":1,"name":"Home","item":"https:\/\/bazoocam.app\/"},{"@type":"ListItem","position":2,"name":"Monkey Cool"}]},{"@type":"WebSite","@id":"https:\/\/bazoocam.app\/#website","url":"https:\/\/bazoocam.app\/","name":"Bazoocam","description":"Alternativa ao Random Video Chat Bazoocam","publisher":{"@id":"https:\/\/bazoocam.app\/#organization"},"potentialAction":[{"@type":"SearchAction","target":{"@type":"EntryPoint","urlTemplate":"https:\/\/bazoocam.app\/?s={search_term_string}"},"query-input":{"@type":"PropertyValueSpecification","valueRequired":true,"valueName":"search_term_string"}}],"inLanguage":"pt-BR"},{"@type":"Organization","@id":"https:\/\/bazoocam.app\/#organization","name":"Bazoocam","url":"https:\/\/bazoocam.app\/","logo":{"@type":"ImageObject","inLanguage":"pt-BR","@id":"https:\/\/bazoocam.app\/#\/schema\/logo\/image\/","url":"https:\/\/bazoocam.app\/wp-content\/uploads\/2021\/01\/bazoocam2.png","contentUrl":"https:\/\/bazoocam.app\/wp-content\/uploads\/2021\/01\/bazoocam2.png","width":649,"height":64,"caption":"Bazoocam"},"image":{"@id":"https:\/\/bazoocam.app\/#\/schema\/logo\/image\/"}}]}},"_links":{"self":[{"href":"https:\/\/bazoocam.app\/pt\/wp-json\/wp\/v2\/pages\/1722","targetHints":{"allow":["GET"]}}],"collection":[{"href":"https:\/\/bazoocam.app\/pt\/wp-json\/wp\/v2\/pages"}],"about":[{"href":"https:\/\/bazoocam.app\/pt\/wp-json\/wp\/v2\/types\/page"}],"author":[{"embeddable":true,"href":"https:\/\/bazoocam.app\/pt\/wp-json\/wp\/v2\/users\/2"}],"replies":[{"embeddable":true,"href":"https:\/\/bazoocam.app\/pt\/wp-json\/wp\/v2\/comments?post=1722"}],"version-history":[{"count":1,"href":"https:\/\/bazoocam.app\/pt\/wp-json\/wp\/v2\/pages\/1722\/revisions"}],"predecessor-version":[{"id":1723,"href":"https:\/\/bazoocam.app\/pt\/wp-json\/wp\/v2\/pages\/1722\/revisions\/1723"}],"wp:attachment":[{"href":"https:\/\/bazoocam.app\/pt\/wp-json\/wp\/v2\/media?parent=1722"}],"curies":[{"name":"wp","href":"https:\/\/api.w.org\/{rel}","templated":true}]}}